{"id":431,"date":"2019-07-29T15:19:44","date_gmt":"2019-07-29T15:19:44","guid":{"rendered":"http:\/\/arch.andreasbaierl.de\/?page_id=431"},"modified":"2020-09-30T16:05:16","modified_gmt":"2020-09-30T16:05:16","slug":"referenzen","status":"publish","type":"page","link":"https:\/\/www.baierl-architektur.de\/index.php\/referenzen\/","title":{"rendered":"Referenzen"},"content":{"rendered":"\t\t<div data-elementor-type=\"wp-post\" data-elementor-id=\"431\" class=\"elementor elementor-431\">\n\t\t\t\t\t\t<section class=\"elementor-section elementor-top-section elementor-element elementor-element-75ffded elementor-section-boxed elementor-section-height-default elementor-section-height-default\" data-id=\"75ffded\" data-element_type=\"section\" data-e-type=\"section\">\n\t\t\t\t\t\t<div class=\"elementor-container elementor-column-gap-default\">\n\t\t\t\t\t<div class=\"elementor-column elementor-col-100 elementor-top-column elementor-element elementor-element-395b9c7\" data-id=\"395b9c7\" data-element_type=\"column\" data-e-type=\"column\">\n\t\t\t<div class=\"elementor-widget-wrap elementor-element-populated\">\n\t\t\t\t\t\t<div class=\"elementor-element elementor-element-04a8334 elementor-widget elementor-widget-text-editor\" data-id=\"04a8334\" data-element_type=\"widget\" data-e-type=\"widget\" data-widget_type=\"text-editor.default\">\n\t\t\t\t<div class=\"elementor-widget-container\">\n\t\t\t\t\t\t\t\t\t<p style=\"text-align: right;\">(Auswahl)<\/p>\t\t\t\t\t\t\t\t<\/div>\n\t\t\t\t<\/div>\n\t\t\t\t\t<\/div>\n\t\t<\/div>\n\t\t\t\t\t<\/div>\n\t\t<\/section>\n\t\t\t\t<section class=\"elementor-section elementor-top-section elementor-element elementor-element-b97ed7a elementor-section-boxed elementor-section-height-default elementor-section-height-default\" data-id=\"b97ed7a\" data-element_type=\"section\" data-e-type=\"section\">\n\t\t\t\t\t\t<div class=\"elementor-container elementor-column-gap-default\">\n\t\t\t\t\t<div class=\"elementor-column elementor-col-33 elementor-top-column elementor-element elementor-element-3309aec\" data-id=\"3309aec\" data-element_type=\"column\" data-e-type=\"column\">\n\t\t\t<div class=\"elementor-widget-wrap elementor-element-populated\">\n\t\t\t\t\t\t<div class=\"elementor-element elementor-element-ef7eacb elementor-widget elementor-widget-text-editor\" data-id=\"ef7eacb\" data-element_type=\"widget\" data-e-type=\"widget\" data-widget_type=\"text-editor.default\">\n\t\t\t\t<div class=\"elementor-widget-container\">\n\t\t\t\t\t\t\t\t\t<p>\u00d6ffentlich<\/p>\t\t\t\t\t\t\t\t<\/div>\n\t\t\t\t<\/div>\n\t\t\t\t\t<\/div>\n\t\t<\/div>\n\t\t\t\t<div class=\"elementor-column elementor-col-66 elementor-top-column elementor-element elementor-element-8456ce3\" data-id=\"8456ce3\" data-element_type=\"column\" data-e-type=\"column\">\n\t\t\t<div class=\"elementor-widget-wrap elementor-element-populated\">\n\t\t\t\t\t\t<div class=\"elementor-element elementor-element-963ffb6 elementor-widget elementor-widget-text-editor\" data-id=\"963ffb6\" data-element_type=\"widget\" data-e-type=\"widget\" data-widget_type=\"text-editor.default\">\n\t\t\t\t<div class=\"elementor-widget-container\">\n\t\t\t\t\t\t\t\t\t<p><strong>2018 &#8211; 2020 <\/strong>Kindergarten &#8222;St. Placida&#8220;, Langenmosen &#8211; Umbau und Modernisierung<strong><br \/>2019 &#8211; 2020<\/strong> Pfarrzentrum &#8222;Heilig Geist&#8220;, M\u00fchlried &#8211; Umbau und Modernisierung<br \/><strong>seit 2019<\/strong> Sportheim, Waidhofen &#8211; Sanierung<br \/><strong>seit 2019<\/strong> Sportheim, Langenmosen &#8211; Sanierung, Neubau &#8211; Machbarkeitsstudien<br \/><strong>2019<\/strong> Sch\u00fctzen- und Dorfheim\u00a0 &#8211; Brandschutznachweis<br \/><strong>2018 &#8211; 2019<\/strong> Sportheim, Edelshausen &#8211; Erweiterung um Schie\u00dfst\u00e4nde<br \/><strong>2016 &#8211; 2019<\/strong> Kindergarten, Aresing &#8211; Umbau, Erweiterung und Modernisierung<br \/><strong>2016 &#8211; 2018<\/strong> Grundschule Gachenbach, Peutenhausen &#8211; Erweiterung und Modernisierung<br \/><strong>2015 &#8211; 2016<\/strong> Schulk\u00fcche, Schrobenhausen &#8211; Modernisierung<br \/><strong>2014 &#8211; 2016<\/strong> Kindergarten &#8222;Heilig-Geist&#8220;, M\u00fchlried &#8211; Umbau und Modernisierung<br \/><strong>2013 &#8211; 2015<\/strong> Kindergarten &#8222;St. Placida&#8220;, Langenmosen &#8211; Erweiterung um 2 Krippengruppen<br \/><strong>2013 &#8211; 2015<\/strong> Kindergarten Lummerland, Schrobenhausen &#8211; Erweiterung um 2 Krippengruppen<br \/><strong>2012 &#8211; 2015<\/strong> Kindergarten &#8222;Heilig-Geist&#8220;, M\u00fchlried &#8211; Erweiterung um 2 Krippengruppen<br \/><strong>2015<\/strong> Lassigny Kaserne, Neuburg &#8211; Umbau zu einer Asylbewerberunterkuft<br \/><strong>2015<\/strong> Ehemalige Grundschule, Schrobenhausen &#8211; Umbau zu einer Asylbewerberunterkuft<br \/><strong>2012 &#8211; 2014<\/strong> Kindergarten, Aresing &#8211; Erweiterung um 2 Krippengruppen<br \/><strong>2012 &#8211; 2014<\/strong> Kindergarten Maria-Ward, Schrobenhausen &#8211; Umbau, Erweiterung und Modernisierung<br \/><strong>2009 &#8211; 2013<\/strong> B\u00fcrgerhaus und Pilgerzentrum, Pobenhausen &#8211; Neubau und Umbau<br \/><strong>2010 &#8211; 2012<\/strong> Kindergarten Drei-Linden, Schrobenhausen &#8211; Erweiterung um 2 Krippengruppen<br \/><strong>2010 &#8211; 2012<\/strong> Kindergarten Taka-Tuka-Land, Schrobenhausen &#8211; Erweiterung um 2 Krippengruppen<br \/><strong>2004 &#8211; 2007<\/strong> Grundschule, Langenmosen &#8211; Modernisierung<\/p>\t\t\t\t\t\t\t\t<\/div>\n\t\t\t\t<\/div>\n\t\t\t\t\t<\/div>\n\t\t<\/div>\n\t\t\t\t\t<\/div>\n\t\t<\/section>\n\t\t\t\t<section class=\"elementor-section elementor-top-section elementor-element elementor-element-71867b6 elementor-section-boxed elementor-section-height-default elementor-section-height-default\" data-id=\"71867b6\" data-element_type=\"section\" data-e-type=\"section\">\n\t\t\t\t\t\t<div class=\"elementor-container elementor-column-gap-default\">\n\t\t\t\t\t<div class=\"elementor-column elementor-col-33 elementor-top-column elementor-element elementor-element-200d9f9\" data-id=\"200d9f9\" data-element_type=\"column\" data-e-type=\"column\">\n\t\t\t<div class=\"elementor-widget-wrap elementor-element-populated\">\n\t\t\t\t\t\t<div class=\"elementor-element elementor-element-23d65c7 elementor-widget elementor-widget-text-editor\" data-id=\"23d65c7\" data-element_type=\"widget\" data-e-type=\"widget\" data-widget_type=\"text-editor.default\">\n\t\t\t\t<div class=\"elementor-widget-container\">\n\t\t\t\t\t\t\t\t\t<p>Denkmalschutz<\/p>\t\t\t\t\t\t\t\t<\/div>\n\t\t\t\t<\/div>\n\t\t\t\t\t<\/div>\n\t\t<\/div>\n\t\t\t\t<div class=\"elementor-column elementor-col-66 elementor-top-column elementor-element elementor-element-a5c46c9\" data-id=\"a5c46c9\" data-element_type=\"column\" data-e-type=\"column\">\n\t\t\t<div class=\"elementor-widget-wrap elementor-element-populated\">\n\t\t\t\t\t\t<div class=\"elementor-element elementor-element-7bbadcf elementor-widget elementor-widget-text-editor\" data-id=\"7bbadcf\" data-element_type=\"widget\" data-e-type=\"widget\" data-widget_type=\"text-editor.default\">\n\t\t\t\t<div class=\"elementor-widget-container\">\n\t\t\t\t\t\t\t\t\t<p><strong>seit 2017<\/strong> Wallfahrtskirche &#8222;Maria Beinberg&#8220;, Gachenbach &#8211; Instandsetzung aussen und innen, Aussenanlagen<br \/><strong>seit 2020<\/strong> Filialkirche &#8222;St. Pauli Bekehrung&#8220; , Hausen &#8211; Statische Instandsetzung und Sanierung<br \/><strong>seit 2020<\/strong> Filialkirche &#8222;St. Stephanus&#8220; , Eutenhofen &#8211; Sicherung Langhaus und Ausseninstandsetzung<br \/><strong>seit 2020<\/strong> Stadtmauerturm, Schrobenhausen &#8211; Sanierung<br \/><strong>2016 &#8211; 2020<\/strong> Kirche &#8222;St. Maria&#8220; , L\u00e4ngloh &#8211; Instandsetzung Dach und aussen<br \/><strong>2019<\/strong> Kirche &#8222;St. Martin&#8220; , Aresing &#8211; Instandsetzung innen<br \/><strong>2018 &#8211; 2019<\/strong> Kirche &#8222;St. Ulrich&#8220;, Ehrenberg &#8211; Statische Instandsetzung, Instandsetzung innen und aussen<br \/><strong>2018 &#8211; 2019<\/strong> Klosterwirtschaft, Karlshuld &#8211; Denkmalschutzfachliche Betreuung<br \/><strong>2018 &#8211; 2019<\/strong> Filialkirche &#8222;St. Pauli Bekehrung&#8220;, Hausen &#8211; Statische Instandsetzung<br \/><strong>2018 &#8211; 2019<\/strong> Asamkirche, Sandizell &#8211; Sanierung Aussenanlagen<br \/><strong>2016 &#8211; 2018<\/strong> Asamkirche, Sandizell &#8211; Statische Instandsetzung Dach<br \/><strong>2016 &#8211; 2017<\/strong> B\u00fcrgerturm, Schrobenhausen &#8211; Instandsetzung<br \/><strong>2015 &#8211; 2016<\/strong> Pfarrhaus, Hollenbach &#8211; Instandsetzung<br \/><strong>2013 &#8211; 2015<\/strong> Asamkirche, Sandizell &#8211; Nachgr\u00fcndung<br \/><strong>2013 &#8211; 2015<\/strong> Kirche &#8222;St. Vitus&#8220;, Lechsend &#8211; Generalinstandsetzung<br \/><strong>2013 &#8211; 2014<\/strong> Pfarrhaus, Holzheim &#8211; Instandsetzung<br \/><strong>2009 &#8211; 2012<\/strong> Kirche &#8222;St. Michael&#8220;, Bertoldsheim &#8211; Sanierung und Instandsetzung<br \/><strong>2008 &#8211; 2012<\/strong> Pfarrhof, Edelshausen &#8211; Instandsetzung<\/p>\t\t\t\t\t\t\t\t<\/div>\n\t\t\t\t<\/div>\n\t\t\t\t\t<\/div>\n\t\t<\/div>\n\t\t\t\t\t<\/div>\n\t\t<\/section>\n\t\t\t\t<section class=\"elementor-section elementor-top-section elementor-element elementor-element-f38ffda elementor-section-boxed elementor-section-height-default elementor-section-height-default\" data-id=\"f38ffda\" data-element_type=\"section\" data-e-type=\"section\">\n\t\t\t\t\t\t<div class=\"elementor-container elementor-column-gap-default\">\n\t\t\t\t\t<div class=\"elementor-column elementor-col-33 elementor-top-column elementor-element elementor-element-a7a3d19\" data-id=\"a7a3d19\" data-element_type=\"column\" data-e-type=\"column\">\n\t\t\t<div class=\"elementor-widget-wrap elementor-element-populated\">\n\t\t\t\t\t\t<div class=\"elementor-element elementor-element-0151046 elementor-widget elementor-widget-text-editor\" data-id=\"0151046\" data-element_type=\"widget\" data-e-type=\"widget\" data-widget_type=\"text-editor.default\">\n\t\t\t\t<div class=\"elementor-widget-container\">\n\t\t\t\t\t\t\t\t\t<p>Wohnbau<\/p>\t\t\t\t\t\t\t\t<\/div>\n\t\t\t\t<\/div>\n\t\t\t\t\t<\/div>\n\t\t<\/div>\n\t\t\t\t<div class=\"elementor-column elementor-col-66 elementor-top-column elementor-element elementor-element-e1c9b5e\" data-id=\"e1c9b5e\" data-element_type=\"column\" data-e-type=\"column\">\n\t\t\t<div class=\"elementor-widget-wrap elementor-element-populated\">\n\t\t\t\t\t\t<div class=\"elementor-element elementor-element-42ab451 elementor-widget elementor-widget-text-editor\" data-id=\"42ab451\" data-element_type=\"widget\" data-e-type=\"widget\" data-widget_type=\"text-editor.default\">\n\t\t\t\t<div class=\"elementor-widget-container\">\n\t\t\t\t\t\t\t\t\t<p><strong>seit 2020<\/strong> Wohnhaus W., Schrobenhausen &#8211; Neubau MFH<strong><br \/>seit 2020<\/strong> Wohn- und Gesch\u00e4ftshaus, Schrobenhausen &#8211; Neubau MFH mit Laden<strong> <br \/>2020 <\/strong>Wohnhaus S., Peutenhausen &#8211; Neubau Doppelhaus<strong><br \/>2020 <\/strong>Wohnhaus B., Langenmosen &#8211; Neubau MFH<strong><br \/>2020<\/strong> Wohnhaus H., Schillwitzhausen &#8211; Neubau EFH<strong><br \/>2020<\/strong> Wohnhaus B., Berg im Gau &#8211; Neubau EFH<strong><br \/>seit 2019 <\/strong>Wohnhaus W., Edelshausen &#8211; Neubau EFH<br \/><strong>2019-2020 <\/strong>Wohnhaus L., Vorra &#8211; Neubau Ferienhaus<br \/><strong>2019-2020 <\/strong>Wohnhaus E., Klingsmoos &#8211; Umbau EFH<br \/><strong>2019<\/strong> Wohnhaus S., Langenmosen &#8211; Erweiterung EFH<br \/><strong>2019<\/strong> Wohnhaus G., Oberhausen &#8211; Neubau EFH<br \/><strong>2019<\/strong> Wohnhaus S., Gachenbach &#8211; Neubau EFH<br \/><strong>2018 &#8211; 2019<\/strong> Wohnhaus B., Hohenwart &#8211; Neubau EFH<br \/><strong>2018 &#8211; 2019<\/strong> Wohnhaus Y., Stammham &#8211; Neubau EFH<br \/><strong>2018<\/strong> Wohnhaus G., Schrobenhausen &#8211; Ersatzneubau DHH<br \/><strong>2017 &#8211; 2018<\/strong> Wohnhaus B., Langenmosen &#8211; Neubau EFH<br \/><strong>2017<\/strong> Wohnhaus K., Langenmosen &#8211; Umbau und Modernisierung EFH<br \/><strong>2017<\/strong> Wohnhaus W., Klingsmoos &#8211; Neubau von 2 DHH<br \/><strong>2016 &#8211; 2017<\/strong> Wohnhaus T., Langenmosen &#8211; Neubau EFH<br \/><strong>2016 &#8211; 2017<\/strong> Wohnhaus L., Gachenbach &#8211; Neubau EFH<br \/><strong>2016<\/strong> Wohnhaus S., Langenmosen &#8211; Neubau EFH<br \/><strong>2015<\/strong> Wohnhaus E., Schrobenhausen &#8211; Umbau EFH<br \/><strong>2014<\/strong> Wohnhaus K., Edelshausen &#8211; Neubau EFH<br \/><strong>2013 &#8211; 2014<\/strong> Wohnhaus W., Sinning &#8211; Neubau EFH<br \/><strong>2012 &#8211; 2014<\/strong> Wohnhaus B., Edelshausen &#8211; Neubau EFH<\/p>\t\t\t\t\t\t\t\t<\/div>\n\t\t\t\t<\/div>\n\t\t\t\t\t<\/div>\n\t\t<\/div>\n\t\t\t\t\t<\/div>\n\t\t<\/section>\n\t\t\t\t<section class=\"elementor-section elementor-top-section elementor-element elementor-element-d532ff3 elementor-section-boxed elementor-section-height-default elementor-section-height-default\" data-id=\"d532ff3\" data-element_type=\"section\" data-e-type=\"section\">\n\t\t\t\t\t\t<div class=\"elementor-container elementor-column-gap-default\">\n\t\t\t\t\t<div class=\"elementor-column elementor-col-33 elementor-top-column elementor-element elementor-element-2bab889\" data-id=\"2bab889\" data-element_type=\"column\" data-e-type=\"column\">\n\t\t\t<div class=\"elementor-widget-wrap elementor-element-populated\">\n\t\t\t\t\t\t<div class=\"elementor-element elementor-element-976b3b0 elementor-widget elementor-widget-text-editor\" data-id=\"976b3b0\" data-element_type=\"widget\" data-e-type=\"widget\" data-widget_type=\"text-editor.default\">\n\t\t\t\t<div class=\"elementor-widget-container\">\n\t\t\t\t\t\t\t\t\t<p>Gewerbe<\/p>\t\t\t\t\t\t\t\t<\/div>\n\t\t\t\t<\/div>\n\t\t\t\t\t<\/div>\n\t\t<\/div>\n\t\t\t\t<div class=\"elementor-column elementor-col-66 elementor-top-column elementor-element elementor-element-37bd0f6\" data-id=\"37bd0f6\" data-element_type=\"column\" data-e-type=\"column\">\n\t\t\t<div class=\"elementor-widget-wrap elementor-element-populated\">\n\t\t\t\t\t\t<div class=\"elementor-element elementor-element-5814b93 elementor-widget elementor-widget-text-editor\" data-id=\"5814b93\" data-element_type=\"widget\" data-e-type=\"widget\" data-widget_type=\"text-editor.default\">\n\t\t\t\t<div class=\"elementor-widget-container\">\n\t\t\t\t\t\t\t\t\t<p><strong>seit 2020<\/strong> Wohn- und Gesch\u00e4ftshaus, Schrobenhausen &#8211; Dachsanierung<strong><br \/>2018 &#8211; 2020<\/strong> Gasthaus, Langenmosen &#8211; Umbau und Erweiterung<br \/><strong>2018 &#8211; 2019<\/strong> Wohn- und Gesch\u00e4ftshaus, Schrobenhausen &#8211; Instandsetzung und Umbau<br \/><strong>2018 &#8211; 2019<\/strong> B\u00fcrogeb\u00e4ude, Schrobenhausen &#8211; Nutzungs\u00e4nderung<br \/><strong>2016 &#8211; 2019<\/strong> Wohn- und Gesch\u00e4ftshaus, Schrobenhausen &#8211; Nutzungs\u00e4nderung zu einer Fr\u00fchst\u00fcckspension<br \/><strong>2017 &#8211; 2018<\/strong> LKW-Werkstatt, Schrobenhausen &#8211; Erweiterung<br \/><strong>2014 &#8211; 2017<\/strong> KfZ-Werkstatt, Brunnen &#8211; Neubau<br \/><strong>2017<\/strong> Ofenstudio, Schrobenhausen &#8211; Neubau<br \/><strong>2016<\/strong> Werkstatt mit B\u00fcro, Schrobenhausen &#8211; Neubau<br \/><strong>2015 &#8211; 2016<\/strong> LKW-Werkstatt, Schrobenhausen &#8211; Erweiterung<br \/><strong>2015<\/strong> K\u00fcchenstudio, Burgheim &#8211; Nutzungs\u00e4nderung einer ehemaligen Scheune<br \/><strong>2013<\/strong> B\u00fcrogeb\u00e4ude, Gachenbach &#8211; Neubau<br \/><strong>2011 &#8211; 2012<\/strong> Verkaufsst\u00e4tte mit B\u00fcro, Schrobenhausen &#8211; Neubau<br \/><strong>2006 &#8211; 2009<\/strong> LKW-Werkstatt, Schrobenhausen &#8211; Neubau<\/p>\t\t\t\t\t\t\t\t<\/div>\n\t\t\t\t<\/div>\n\t\t\t\t\t<\/div>\n\t\t<\/div>\n\t\t\t\t\t<\/div>\n\t\t<\/section>\n\t\t\t\t<\/div>\n\t\t","protected":false},"excerpt":{"rendered":"<p>(Auswahl) \u00d6ffentlich 2018 &#8211; 2020 Kindergarten &#8222;St. Placida&#8220;, Langenmosen &#8211; Umbau und Modernisierung2019 &#8211; 2020 Pfarrzentrum &#8222;Heilig Geist&#8220;, M\u00fchlried &#8211; Umbau und Modernisierungseit 2019 Sportheim,&hellip;<\/p>\n","protected":false},"author":1,"featured_media":0,"parent":0,"menu_order":0,"comment_status":"closed","ping_status":"closed","template":"","meta":{"footnotes":""},"class_list":["post-431","page","type-page","status-publish","hentry"],"_links":{"self":[{"href":"https:\/\/www.baierl-architektur.de\/index.php\/wp-json\/wp\/v2\/pages\/431","targetHints":{"allow":["GET"]}}],"collection":[{"href":"https:\/\/www.baierl-architektur.de\/index.php\/wp-json\/wp\/v2\/pages"}],"about":[{"href":"https:\/\/www.baierl-architektur.de\/index.php\/wp-json\/wp\/v2\/types\/page"}],"author":[{"embeddable":true,"href":"https:\/\/www.baierl-architektur.de\/index.php\/wp-json\/wp\/v2\/users\/1"}],"replies":[{"embeddable":true,"href":"https:\/\/www.baierl-architektur.de\/index.php\/wp-json\/wp\/v2\/comments?post=431"}],"version-history":[{"count":18,"href":"https:\/\/www.baierl-architektur.de\/index.php\/wp-json\/wp\/v2\/pages\/431\/revisions"}],"predecessor-version":[{"id":489,"href":"https:\/\/www.baierl-architektur.de\/index.php\/wp-json\/wp\/v2\/pages\/431\/revisions\/489"}],"wp:attachment":[{"href":"https:\/\/www.baierl-architektur.de\/index.php\/wp-json\/wp\/v2\/media?parent=431"}],"curies":[{"name":"wp","href":"https:\/\/api.w.org\/{rel}","templated":true}]}}