{"id":142,"date":"2019-03-22T15:35:06","date_gmt":"2019-03-22T15:35:06","guid":{"rendered":"http:\/\/arch.andreasbaierl.de\/?page_id=142"},"modified":"2021-04-07T07:41:45","modified_gmt":"2021-04-07T07:41:45","slug":"datenschutzerklaerung","status":"publish","type":"page","link":"https:\/\/www.baierl-architektur.de\/index.php\/datenschutzerklaerung\/","title":{"rendered":"Datenschutzerkl\u00e4rung"},"content":{"rendered":"\n<p>Datenschutzerkl\u00e4rung von baierl architekten PartGmbB<\/p>\n\n\n\n<p><strong>1. Gegenstand dieser Datenschutzerkl\u00e4rung<\/strong><br>\nDer Schutz Ihrer personenbezogenen Daten (im Folgenden kurz &#8222;Daten&#8220;) ist\n uns ein gro\u00dfes und sehr wichtiges Anliegen. Nachfolgend m\u00f6chten wir Sie\n daher ausf\u00fchrlich dar\u00fcber informieren, welche Daten bei uns erhoben und\n wie diese von uns im Folgenden verarbeitet oder genutzt werden, ebenso \nwie, welche begleitenden Schutzma\u00dfnahmen wir auch in technischer und \norganisatorischer Hinsicht getroffen haben. \n<\/p>\n\n\n\n<p><strong>2. Verantwortliche Stelle\/Diensteanbieter<\/strong><br>\nVerantwortlicher nach Art. 4 DSGVO und zugleich Diensteanbieter im Sinne des Telemediengesetzes (TMG) ist:<\/p>\n\n\n\n<p> baierl architekten PartGmbB<br> Manfred Baierl, Andreas Baierl<br> Lenbachplatz 16, 86529 Schrobenhausen<br> Telefon: 08252\/810631<br> Telefax: 08252\/810633<br> E-Mail: info@baierl-architektur.de<br> ist verantwortlich nach \u00a7 55 des Rundfunk-Staatsvertrags. <\/p>\n\n\n\n<p><strong>3. Erhebung und Verwendung Ihrer Daten<\/strong><br>\nAlle personenbezogenen Daten, die wir von Ihnen erheben, werden wir nur \nzu dem angegebenen Zweck erheben, verarbeiten und nutzen. Dabei beachten\n wir, dass dies nur im Rahmen der jeweils geltenden Rechtsvorschriften \nbzw. ansonsten nur mit Ihrer Einwilligung geschieht.\nSie k\u00f6nnen gem\u00e4\u00df Art. 21 DSGVO in den dort genannten F\u00e4llen Widerspruch \ngegen die Verarbeitung Ihrer Daten erheben. Bitte wenden Sie sich an \n&#8222;info@baierl-architektur.de&#8220; oder senden Sie uns Ihr Verlangen per Post.<br>\nSie haben das Recht zur Beschwerde bei der zust\u00e4ndigen Aufsichtsbeh\u00f6rde f\u00fcr den Datenschutz<br><br>Bayerisches Landesamt f\u00fcr Datenschutzaufsicht (BayLDA)<br>\nPromenade 27<br>\n91522 Ansbach<br>\nTelefon: 0981 531300<br>\nTelefax: 0981 53981300<br>\nE-Mail: poststelle@lda.bayern.de<br>\nhttps:\/\/www.lda.bayern.de\/de\/index.html#<br><br>Umfang und Art der Erhebung und Verwendung Ihrer Daten unterscheidet\n sich danach, ob Sie unseren Internetauftritt nur zum Abruf von \nInformationen besuchen oder von uns angebotene Leistungen in Anspruch \nnehmen:<\/p>\n\n\n\n<p>\n\na) Internetnutzung<br>\nF\u00fcr die nur informatorische Nutzung unseres Internetauftritts ist es \ngrunds\u00e4tzlich nicht erforderlich, dass Sie personenbezogene Daten \nangeben.\nVielmehr erheben und verwenden wir in diesem Fall nur diejenigen Ihrer \nDaten, die uns Ihr Internet-browser automatisch \u00fcbermittelt, wie etwa:<br>\n&#8211; Datum und Uhrzeit des Abrufs einer unserer Internetseiten<br>\n&#8211; Ihren Browsertyp<br>\n&#8211; die Browser-Einstellungen<br>\n&#8211; das verwendete Betriebssystem<br>\n&#8211; die von Ihnen zuletzt besuchte Seite<br>\n&#8211; die \u00fcbertragene Datenmenge und der Zugriffsstatus (Datei \u00fcbertragen, Datei nicht gefunden etc.) sowie<br>\n&#8211; Ihre IP-Adresse.<br>\nDiese Daten erheben und verwenden wir bei einem informatorischen Besuch \nausschlie\u00dflich in nicht-personenbezogener Form. Dies erfolgt, um die \nNutzung der von Ihnen abgerufenen Internetseiten \u00fcberhaupt zu \nerm\u00f6glichen, zu statistischen Zwecken sowie zur Verbesserung unseres \nInternetangebots. Die IP-Adresse speichern wir nur f\u00fcr die Dauer Ihres \nBesuchs, eine personenbezogene Auswertung findet nicht statt. Eine \nZusammenf\u00fchrung dieser Daten mit anderen Datenquellen wird nicht \nvorgenommen, die Daten werden zudem nach einer statistischen Auswertung \ngel\u00f6scht. Dies ist nach der Entscheidung des Europ\u00e4ischen\nGerichtshofs vom 19.10.2016 (Az.:C582\/14) auch in Anbetracht des \nTelemediengesetzes zul\u00e4ssig.\n<\/p>\n\n\n\n<p>\nb) Nutzung von Angeboten bzw. Datenverwendung zur Aufgabenerf\u00fcllung <br>\nSoweit Sie von uns angebotene Leistungen in Anspruch nehmen wollen, ist \nes m\u00f6glicherweise n\u00f6tig, dass Sie dazu weitere Daten angeben. Es handelt\n sich um diejenigen Daten, die zur jeweiligen Abwicklung erforderlich \nsind. Weitere Angaben k\u00f6nnen Sie ggf. freiwillig t\u00e4tigen; sie sind von \nuns entsprechend als optional markiert.\nEin Teil der Leistungen wird auch im Loginbereich der Homepage \nbereitgestellt. Die Erhebung oder Verwendung Ihrer Daten erfolgt zu dem \nZweck, die von Ihnen gew\u00fcnschte notwendige Leistung zu erbringen. Ihre \nDaten werden zu vorgenanntem Zweck ggf. an uns unterst\u00fctzende \nDienstleister weitergegeben, die wir selbstverst\u00e4ndlich sorgf\u00e4ltig \nausgew\u00e4hlt und zur Einhaltung des Datenschutzrechts verpflichtet haben. \nDabei kann es sich insbesondere um technische Dienstleister oder \nVersanddienstleister (Lettershop etc.) handeln. Die Weitergabe Ihrer \nDaten an andere Dritte erfolgt ansonsten nur, wenn dies gesetzlich \nerlaubt ist oder wir Ihre explizite Einwilligung daf\u00fcr erhalten haben. \n<\/p>\n\n\n\n<p><strong>4. Datenschutzrechtliche Einwilligung<\/strong><br>\n\u00fcber die Abwicklung der von Ihnen gew\u00fcnschten Leistungen hinaus m\u00f6chten \nwir gerne &#8211; selbstverst\u00e4ndlich nur, soweit Sie darin an gesonderter \nStelle explizit einwilligen &#8211; einen auf Ihre Interessen ausgerichteten \nInternetauftritt bieten sowie Ihnen gelegentlich per Post oder E-Mail \n(in Form unseres Newsletters) f\u00fcr Sie auf Basis Ihrer Daten interessante\n Neuigkeiten und Hinweise \u00fcber uns zukommen lassen und Ihre Daten zur \ndazu notwendigen Auswertung sowie zu Marktforschungszwecken verwenden. \nHierf\u00fcr ist es technisch n\u00f6tig, dass wir Ihre anfallenden sowie \nangegebenen Daten in Nutzungsprofilen zusammenfassen und diese zu \nvorgenannten Zwecken auswerten. Dies erfolgt lediglich intern und nur zu\n vorgenannten Zwecken.\nIhre Einwilligung k\u00f6nnen Sie gesondert abgeben. Sie k\u00f6nnen sie im \nAnschluss jederzeit mit Wirkung f\u00fcr die Zukunft widerrufen.<br>\nDie Einwilligung in Bezug auf Cookies bzw. Werbetracker richtet sich nach untenstehendem \u00a7 5 dieser Erkl\u00e4rung.\n<\/p>\n\n\n\n<p><strong>5. Einsatz von Cookies<\/strong><br>\nF\u00fcr unseren Internetauftritt nutzen wir die Technik der Cookies. Cookies\n sind kleine Textdateien, die im Rahmen Ihres Besuchs unserer \nInternetseiten von unserem Webserver an Ihren Browser gesandt und von \ndiesem auf Ihrem Rechner f\u00fcr einen sp\u00e4teren Abruf vorgehalten werden. \nDie durch Cookies erzeugten Informationen \u00fcber die Benutzung dieser \nWebsite (einschlie\u00dflich der IP-Adresse der Nutzer) und Auslieferung von \nWerbung k\u00f6nnen auch an Server von Google LLC in der Europ\u00e4ischen Union \nund den USA \u00fcbertragen und dort gespeichert werden. (vgl. Nr.8). Die \nweitergebenen Daten k\u00f6nnen nicht mit anderen von Ihnen gespeicherten \nDaten zusammengef\u00fchrt werden.\nOb Cookies gesetzt und abgerufen werden k\u00f6nnen, k\u00f6nnen Sie durch die \nEinstellungen in Ihrem Browser selbst bestimmen. Sie k\u00f6nnen in Ihrem \nBrowser etwa das Speichern von Cookies g\u00e4nzlich deaktivieren, es auf \nbestimmte Webseiten beschr\u00e4nken oder Ihren Browser so konfigurieren, \ndass er Sie automatisch benachrichtigt, sobald ein Cookie gesetzt werden\n soll und Sie um R\u00fcckmeldung dazu bittet. F\u00fcr den vollen Funktionsumfang\n unseres Internetauftritts ist es allerdings aus technischen Gr\u00fcnden \nerforderlich, die genannten Session Cookies zuzulassen. Ab dem \nInkrafttreten der Datenschutzgrundverordnung am 25.05.2018 werden wir \nvor der Nutzung von Cookies Ihre explizite Zustimmung f\u00fcr die Nutzung\nvon Cookies vor deren Verwendung einholen.\n<\/p>\n\n\n\n<p><strong>6. Widerrufs-und Widerspruchsrecht<\/strong><br>\nWir weisen Sie darauf hin, dass Sie eine uns ggf. erteilte \ndatenschutzrechtliche Einwilligung jederzeit mit Wirkung f\u00fcr die Zukunft\n widerrufen k\u00f6nnen. Soweit gesetzliche Anforderungen zur Erhebung von \nDaten bestehen (z.B. Architektenliste), besteht kein Widerrufsrecht.\n<\/p>\n\n\n\n<p><strong>7. Datensicherheit<\/strong><br>\nWir setzen zudem technische und organisatorische Sicherheitsma\u00dfnahmen \nein, um anfallende oder erhobene personenbezogene Daten zu sch\u00fctzen, \ninsb. gegen zuf\u00e4llige oder vors\u00e4tzliche Manipulation, Verlust, \nZerst\u00f6rung oder gegen den Angriff unberechtigter Personen. Unsere \nSicherheitsma\u00dfnahmen werden entsprechend der technologischen Entwicklung\n fortlaufend verbessert.\nWir stellen Ihnen diverse Online-Formulare und Dienste bereit, mit denen\n Sie personenbezogene Daten an uns senden k\u00f6nnen. Diese Formulare sind \ngegen Einsichtnahme Dritter durch die Verwendung von TLS-Verschl\u00fcsselung\n gesch\u00fctzt. Die Daten, die Sie eingeben oder als Datei an uns \n\u00fcbermitteln, k\u00f6nnen von uns gespeichert und nach Vereinbarung \nverarbeitet werden. Sofern die Nutzung und Verarbeitung der Einwilligung\n des Nutzers oder von Dritten bedarf, kann die Einwilligung jederzeit \nohne Angaben von Gr\u00fcnden widerrufen werden. In diesem kann jedoch evtl. \ndie Vertragserf\u00fcllung durch uns beeintr\u00e4chtigt werden.\nJe nach Service k\u00f6nnen Sie zu verschiedenen Eingaben zur Identifizierung\n bzw. Verhinderung von Missbrauch aufgefordert werden:\n<br>\na) Zur Identifizierung bei der Anlieferung von Daten kann die Eingabe \neiner benutzerdefinierten Kennung oder anderweitigen geeigneten \nAuthentifikation verlangtwerden. Die Daten werden \u00fcber SFTP oder HTTPS \ngegen Kenntnisnahme Dritter gesch\u00fctzt, sofern der Nutzer die von uns \nempfohlenen Wege der Daten\u00fcbermittlung nutzt.<br>\nb) Zur Verhinderung der Nutzung durch Maschinen k\u00f6nnen sogenannte \nCAPTCHAS verwendet werden, die Bilder oder Aufgaben enthalten, die von \nComputerskripten nicht verarbeitet werden k\u00f6nnen.<br><br><strong>8. L\u00f6schfristen<\/strong><br>\nWir speichern personenbezogene Daten jeweils nur so lange, bis der Zweck\n der Datenspeicherung entf\u00e4llt, so lange keine gesetzlichen \nAufbewahrungsfristen oder Verj\u00e4hrungsfristen von m\u00f6glicherweise der \nRechtsverfolgung dienlichen Daten der L\u00f6schung entgegenstehen (in diesem\n Fall wird die Verarbeitung der Daten nach Art. 18 DSGVO eingeschr\u00e4nkt).\n<\/p>\n\n\n\n<p><strong>9. Betroffenenrechte<\/strong><br>\nNach den anwendbaren Gesetzen haben Sie verschiedene Rechte bez\u00fcglich \nihrer personenbezogenen Daten. M\u00f6chten Sie diese Rechte geltend machen, \nso richten Sie Ihre Anfrage bitte per E-Mail oder per Post unter \neindeutiger Identifizierung Ihrer Person an die oben genannte Adresse \ndes Verantwortlichen.\nNachfolgend finden Sie eine \u00fcbersicht \u00fcber Ihre Rechte.\n<br>\na) Recht auf Best\u00e4tigung und Auskunft<br>\nSie haben jederzeit das Recht, von uns eine Best\u00e4tigung dar\u00fcber zu \nerhalten, ob Sie betreffende personenbezogene Daten verarbeitet werden. \nIst dies der Fall, so haben Sie das Recht, von uns eine unentgeltliche \nAuskunft \u00fcber die zu Ihnen gespeicherten personenbezogenen Daten nebst \neiner Kopie dieser Daten zu erlangen. \nDes Weiteren besteht ein Recht auf folgende Informationen:<br>\n1. die Verarbeitungszwecke;<br>\n2. die Kategorien personenbezogener Daten, die verarbeitet werden;<br>\n3. die Empf\u00e4nger oder Kategorien von Empf\u00e4ngern, gegen\u00fcber denen die \npersonenbezogenen Daten offengelegt worden sind oder noch offengelegt \nwerden, insbesondere bei Empf\u00e4ngern in Drittl\u00e4ndern oder bei \ninternationalen Organisationen;<br>\n4. falls m\u00f6glich die geplante Dauer, f\u00fcr die die personenbezogenen Daten\n gespeichert werden, oder, falls dies nicht m\u00f6glich ist, die Kriterien \nf\u00fcr die Festlegung dieser Dauer;<br>\n5. das Bestehen eines Rechts auf Berichtigung oder L\u00f6schung der Sie \nbetreffenden personenbezogenen Daten oder auf Einschr\u00e4nkung der \nVerarbeitung durch den Verantwortlichen oder eines Widerspruchsrechts \ngegen diese Verarbeitung;<br>\n6. das Bestehen eines Beschwerderechts bei einer Aufsichtsbeh\u00f6rde;<br>\n7. wenn die personenbezogenen Daten nicht bei Ihnen erhoben werden, alle verf\u00fcgbaren Informationen \u00fcber die Herkunft der Daten;<br>\n8. das Bestehen einer automatisierten Entscheidungsfindung \neinschlie\u00dflich Profiling gem\u00e4\u00df Art. 22 Abs. 1 und 4 DSGVO und &#8211; \nzumindest in diesen F\u00e4llen &#8211; aussagekr\u00e4ftige Informationen \u00fcber die \ninvolvierte Logik sowie die Tragweite und die angestrebten Auswirkungen \neiner derartigen Verarbeitung f\u00fcr Sie.\nWerden personenbezogene Daten an ein Drittland oder an eine \ninternationale Organisation \u00fcbermittelt, so haben Siedas Recht, \u00fcber die\n geeigneten Garantien gem\u00e4\u00df Art. 46 DSGVO im Zusammenhang mit der \n\u00fcbermittlung unterrichtet zu werden.<br><br>\nb) Recht auf Berichtigung<br>\nSie haben das Recht, von uns unverz\u00fcglich die Berichtigung Sie \nbetreffender unrichtiger personenbezogener Daten zu verlangen. Unter \nBer\u00fccksichtigung der Zwecke der haben Sie das Recht, die \nVervollst\u00e4ndigung unvollst\u00e4ndiger personenbezogener Daten &#8211; auch mittels\n einer erg\u00e4nzenden Erkl\u00e4rung &#8211; zu verlangen.\n<\/p>\n\n\n\n<p>\nc) Recht auf L\u00f6schung (-Recht auf Vergessenwerden-)<br>\nSie haben das Recht, von unszu verlangen, dass Sie betreffende \npersonenbezogene Daten unverz\u00fcglich gel\u00f6scht werden, und wir \nsindverpflichtet, personenbezogene Daten unverz\u00fcglich zu l\u00f6schen, sofern\n einer der folgenden Gr\u00fcnde zutrifft:<br>\n1. Die personenbezogenen Daten sind f\u00fcr die Zwecke, f\u00fcr die sie erhoben \noder auf sonstige Weise verarbeitet wurden, nicht mehr notwendig.<br>\n2. Sie widerrufen Ihre Einwilligung, auf die sich die Verarbeitung gem\u00e4\u00df\n Art. 6 Abs. 1 lit. a DSGVO oder Art. 9 Abs. 2 lit. a DSGVO st\u00fctzte, und\n es fehlt an einer anderweitigen Rechtsgrundlage f\u00fcr die Verarbeitung.<br>\n3. Sie legen gem\u00e4\u00df Art. 21 Abs. 1 DSGVO Widerspruch gegen die \nVerarbeitung ein und es liegen keine vorrangigen berechtigten Gr\u00fcnde f\u00fcr\n die Verarbeitung vor, oder Sie legen gem\u00e4\u00df Art. 21 Abs. 2 DSGVO \nWiderspruch gegen die Verarbeitung ein.<br>\n4. Die personenbezogenen Daten wurden unrechtm\u00e4\u00dfig verarbeitet.<br>\n5. Die L\u00f6schung der personenbezogenen Daten ist zur Erf\u00fcllung einer \nrechtlichen Verpflichtung nach dem Unionsrecht oder dem Recht der \nMitgliedstaaten erforderlich, dem wir unterliegen.<br>\n6. Die personenbezogenen Daten wurden in Bezug auf angebotene Dienste \nder Informationsgesellschaft gem\u00e4\u00df Art. 8 Abs. 1 DSGVO erhoben.<br><br>Das Recht auf L\u00f6schung besteht nicht, soweit die Verarbeitung erforderlich ist<br>\n1. zur Aus\u00fcbung des Rechts auf freie Meinungs\u00e4u\u00dferung und Information;<br>\n2. zur Erf\u00fcllung einer rechtlichen Verpflichtung, die die Verarbeitung \nnach dem Recht der Union oder der Mitgliedstaaten, dem der \nVerantwortliche unterliegt, erfordert, oder zur Wahrnehmung einer \nAufgabe, die im \u00f6ffentlichen Interesse liegt oder in Aus\u00fcbung \n\u00f6ffentlicher Gewalt erfolgt, die dem Verantwortlichen \n\u00fcbertragen wurde;<br>\n3. aus Gr\u00fcnden des \u00f6ffentlichen Interesses im Bereich der \u00f6ffentlichen \nGesundheit gem\u00e4\u00df Art. 9 Abs. 2 lit. h und i sowie Art. 9 Abs. 3 DSGVO;<br>\n4. f\u00fcr im \u00f6ffentlichen Interesse liegende Archivzwecke, \nwissenschaftliche oder historische Forschungszwecke oder f\u00fcr \nstatistische Zwecke gem. Art. 89 Abs. 1 DSGVO, soweit das unter \nAbschnitt a) genannte Recht voraussichtlich die Verwirklichung der Ziele\n dieser Verarbeitung unm\u00f6glich macht oder ernsthaft \nbeeintr\u00e4chtigt, oder<br>\n5. zur Geltendmachung, Aus\u00fcbung oder Verteidigung von Rechtsanspr\u00fcchen.<br>\nHaben wir die personenbezogenen Daten \u00f6ffentlich gemacht und sind \nwirgem\u00e4\u00df Art. 17 DSGVO zu deren L\u00f6schung verpflichtet, so treffen \nwirunter Ber\u00fccksichtigung der verf\u00fcgbaren Technologie und der \nImplementierungskosten angemessene Ma\u00dfnahmen, auch technischer Art, um \nf\u00fcr die Datenverarbeitung Verantwortliche, die die personenbezogenen \nDaten verarbeiten, dar\u00fcber zu informieren, dass Sie\nvon ihnen die L\u00f6schung aller Links zu diesen personenbezogenen Daten \noder von Kopien oder Replikationen dieser personenbezogenen Daten \nverlangt haben.<br><br>\nd) Recht auf Einschr\u00e4nkung der Verarbeitung<br>\nSie haben das Recht, von unsdie Einschr\u00e4nkung der Verarbeitung zu \nverlangen, wenn eine der folgenden Voraussetzungen gegeben ist:<br>\n1. die Richtigkeit der personenbezogenen Daten wird von Ihnen \nbestritten, und zwar f\u00fcr eine Dauer, die es uns erm\u00f6glicht, die \nRichtigkeit der personenbezogenen Daten zu \u00fcberpr\u00fcfen, <br>\n2. die Verarbeitung unrechtm\u00e4\u00dfig ist und Sie die L\u00f6schung der \npersonenbezogenen Daten ablehnt en und stattdessen die Einschr\u00e4nkung der\n Nutzung der personenbezogenen Daten verlangt;<br>\n3. wir die personenbezogenen Daten f\u00fcr die Zwecke der Verarbeitung nicht\n l\u00e4nger ben\u00f6tigen, Sie die Daten jedoch zur Geltendmachung, Aus\u00fcbung \noder Verteidigung von Rechtsanspr\u00fcchen ben\u00f6tigten, oder<br>\n4. Sie Widerspruch gegen die Verarbeitung gem\u00e4\u00df Art. 21 Abs. 1 DSGVO \neingelegt haben, solange noch nicht feststeht, ob die berechtigten \nGr\u00fcnde unseres Unternehmens, gegen\u00fcber den Ihren \u00fcberwiegen.<br>\nWurde die Verarbeitung der Sie betreffenden personenbezogenen Daten \neingeschr\u00e4nkt, d\u00fcrfen diese Daten -von ihrer Speicherung abgesehen- nur \nmit Ihrer Einwilligung oder zur Geltendmachung, Aus\u00fcbung oder \nVerteidigung von Rechtsanspr\u00fcchen oder zum Schutz der Rechte einer \nanderen nat\u00fcrlichen oder juristischen Person oder aus Gr\u00fcnden eines \nwichtigen \u00f6ffentlichen Interesses der Union oder eines Mitgliedstaats \nverarbeitet werden.\n<\/p>\n\n\n\n<p>\ne) Recht auf Daten\u00fcbertragbarkeit<br>\nSie haben das Recht, die Sie betreffenden personenbezogenen Daten, die \nuns bereitgestellt haben, in einem strukturierten, g\u00e4ngigen und \nmaschinenlesbaren Format zu erhalten, und Sie haben das Recht, diese \nDaten einem anderen Verantwortlichen ohne Behinderung durch uns zu \n\u00fcbermitteln, sofern<br>\n1. die Verarbeitung auf einer Einwilligung gem\u00e4\u00df Art. 6 Abs. 1 lit. a \nDSGVO oder Art. 9 Abs. 2 lit. a DSGVO oder auf einem Vertrag gem\u00e4\u00df Art. 6\n Abs. 1 lit. b DSGVO beruht und<br>\n2. die Verarbeitung mithilfe automatisierter Verfahren erfolgt.<br>\nBei der Aus\u00fcbung ihres Rechts auf Daten\u00fcbertragbarkeit gem\u00e4\u00df Absatz 1 \nhaben Sie das Recht, zu erwirken, dass die personenbezogenen Daten \ndirekt von uns einem anderen Verantwortlichen \u00fcbermittelt werden, soweit\n dies technisch machbar ist. Das Recht auf Daten\u00fcbertragbarkeit gilt \nnicht f\u00fcr eine Verarbeitung personenbezogener Daten, die f\u00fcr die \nWahrnehmung einer Aufgabe erforderlich ist, die im \u00f6ffentlichen \nInteresse liegt oder in Aus\u00fcbung \u00f6ffentlicher Gewalt erfolgt, die dem \nVerantwortlichen \u00fcbertragen wurde.<br><br>\nf) Widerspruchsrecht<br>\nSie haben das Recht, aus Gr\u00fcnden, die sich aus Ihrer besonderen \nSituation ergeben, jederzeit gegen die Verarbeitung Sie betreffender \npersonenbezogener Daten, die aufgrund von Art. 6 Abs. 1 lit. e oder f \nDSGVO erfolgt, Widerspruch einzulegen; dies gilt auch f\u00fcr ein auf diese \nBestimmungen gest\u00fctztes Profiling. \nWir verarbeiten die personenbezogenen Daten nicht mehr, es sei denn, wir\n k\u00f6nnen zwingende schutzw\u00fcrdige Gr\u00fcnde f\u00fcr die Verarbeitung nachweisen, \ndie Ihre Interessen, Rechte und Freiheiten \u00fcberwiegen, oder die \nVerarbeitung dient der Geltendmachung, Aus\u00fcbung oder Verteidigung von \nRechtsanspr\u00fcchen.\nWerden personenbezogene Daten von uns verarbeitet, um Direktwerbung zu \nbetreiben, so haben Sie das Recht, jederzeit Widerspruch gegen die \nVerarbeitung Sie betreffender personenbezogener Daten zum Zwecke \nderartiger Werbung einzulegen; dies gilt auch f\u00fcr das Profiling, soweit \nes mit solcher Direktwerbung in Verbindung steht.\nSie haben das Recht, aus Gr\u00fcnden, die sich aus Ihrer besonderen \nSituation ergeben, gegen die Sie betreffende Verarbeitung sie \nbetreffender personenbezogener Daten, die zu wissenschaftlichen oder \nhistorischen Forschungszwecken oder zu statistischen Zwecken gem\u00e4\u00df Art. \n89 Abs. 1 DSGVO erfolgt, Widerspruch einzulegen, es sei denn, die \nVerarbeitung ist zur Erf\u00fcllung einer im \u00f6ffentlichen Interesse liegenden\n Aufgabe erforderlich.<br>\ng) Automatisierte Entscheidungen einschlie\u00dflich Profiling<br>\nSie habendas Recht, nicht einer ausschlie\u00dflich auf einer automatisierten\n Verarbeitung -einschlie\u00dflich Profiling- beruhenden Entscheidung \nunterworfen zu werden, die Ihnengegen\u00fcber rechtliche Wirkung entfaltet \noder Sie in \u00e4hnlicher Weise erheblich beeintr\u00e4chtigt.<br>\nh) Recht auf Widerruf einer datenschutzrechtlichen Einwilligung<br>\nSie haben das Recht, eine Einwilligung zur Verarbeitung personenbezogener Daten jederzeit zu widerrufen.<br>\ni) Recht auf Beschwerde bei einer Aufsichtsbeh\u00f6rde<br>\nSie haben das Recht auf Beschwerde bei einer Aufsichtsbeh\u00f6rde, \ninsbesondere in dem Mitgliedstaat Ihres Aufenthaltsorts, Ihres \nArbeitsplatzes oder des Orts des mutma\u00dflichen Versto\u00dfes, Sie der Ansicht\n sind, dass die Verarbeitung der Sie betreffenden personenbezogenen \nDaten rechtswidrig ist.<br>\nj) Recht auf Unterrichtung<br>\nHaben Sie das Recht auf Berichtigung, L\u00f6schung oder Einschr\u00e4nkung der \nVerarbeitung gegen\u00fcber dem Verantwortlichen geltend gemacht, ist dieser \nverpflichtet, allen Empf\u00e4ngern, denen die Sie betreffenden \npersonenbezogenen Daten offengelegt wurden, diese Berichtigung oder \nL\u00f6schung der Daten oder Einschr\u00e4nkung der Verarbeitung mitzuteilen, es \nsei denn, dies erweist sich als unm\u00f6glich oder ist mit einem \nunverh\u00e4ltnism\u00e4\u00dfigen Aufwand verbunden.\nIhnen steht gegen\u00fcber dem Verantwortlichen das Recht zu, \u00fcber diese \nEmpf\u00e4nger unterrichtet zu werden.\n\n<\/p>\n","protected":false},"excerpt":{"rendered":"<p>Datenschutzerkl\u00e4rung von baierl architekten PartGmbB 1. Gegenstand dieser Datenschutzerkl\u00e4rung Der Schutz Ihrer personenbezogenen Daten (im Folgenden kurz &#8222;Daten&#8220;) ist uns ein gro\u00dfes und sehr wichtiges&hellip;<\/p>\n","protected":false},"author":1,"featured_media":0,"parent":0,"menu_order":0,"comment_status":"closed","ping_status":"closed","template":"","meta":{"footnotes":""},"class_list":["post-142","page","type-page","status-publish","hentry"],"_links":{"self":[{"href":"https:\/\/www.baierl-architektur.de\/index.php\/wp-json\/wp\/v2\/pages\/142","targetHints":{"allow":["GET"]}}],"collection":[{"href":"https:\/\/www.baierl-architektur.de\/index.php\/wp-json\/wp\/v2\/pages"}],"about":[{"href":"https:\/\/www.baierl-architektur.de\/index.php\/wp-json\/wp\/v2\/types\/page"}],"author":[{"embeddable":true,"href":"https:\/\/www.baierl-architektur.de\/index.php\/wp-json\/wp\/v2\/users\/1"}],"replies":[{"embeddable":true,"href":"https:\/\/www.baierl-architektur.de\/index.php\/wp-json\/wp\/v2\/comments?post=142"}],"version-history":[{"count":3,"href":"https:\/\/www.baierl-architektur.de\/index.php\/wp-json\/wp\/v2\/pages\/142\/revisions"}],"predecessor-version":[{"id":498,"href":"https:\/\/www.baierl-architektur.de\/index.php\/wp-json\/wp\/v2\/pages\/142\/revisions\/498"}],"wp:attachment":[{"href":"https:\/\/www.baierl-architektur.de\/index.php\/wp-json\/wp\/v2\/media?parent=142"}],"curies":[{"name":"wp","href":"https:\/\/api.w.org\/{rel}","templated":true}]}}